{"id":590,"date":"2026-02-23T09:19:55","date_gmt":"2026-02-23T09:19:55","guid":{"rendered":"https:\/\/marketauto.ba\/?page_id=590"},"modified":"2026-02-23T09:47:24","modified_gmt":"2026-02-23T09:47:24","slug":"specijalne-ponude","status":"publish","type":"page","link":"https:\/\/marketauto.ba\/?page_id=590","title":{"rendered":"Specijalne ponude"},"content":{"rendered":"\t\t<div data-elementor-type=\"wp-page\" data-elementor-id=\"590\" class=\"elementor elementor-590\">\n\t\t\t\t<div class=\"elementor-element elementor-element-74c10ea e-flex e-con-boxed e-con e-parent\" data-id=\"74c10ea\" data-element_type=\"container\" data-e-type=\"container\">\n\t\t\t\t\t<div class=\"e-con-inner\">\n\t\t\t\t<div class=\"elementor-element elementor-element-6c4da93 elementor-widget elementor-widget-text-editor\" data-id=\"6c4da93\" data-element_type=\"widget\" data-e-type=\"widget\" data-widget_type=\"text-editor.default\">\n\t\t\t\t<div class=\"elementor-widget-container\">\n\t\t\t\t\t\t\t\t\t<h1><strong>Ne Propustite! Specijalne Ponude Vozila u Marketautu!<\/strong><\/h1><p>Tra\u017eite savr\u0161eno vozilo po izuzetnoj cijeni? Na pravom ste mjestu! U Marketautu redovno pripremamo ekskluzivne specijalne ponude koje vam omogu\u0107avaju da vozite svoj automobil iz snova uz zna\u010dajne u\u0161tede. Bilo da ste u potrazi za najnovijim modelom, pouzdanim polovnim vozilom ili \u017eelite iskoristiti povoljne opcije finansiranja, na\u0161e specijalne ponude su kreirane upravo za vas!<\/p><p>Na\u0161 tim pa\u017eljivo odabira vozila i usluge kako bismo vam pru\u017eili najbolju vrijednost za va\u0161 novac. Po\u017eurite, ove ponude su vremenski ograni\u010dene!<\/p><hr \/><h3><strong>Trenutne Akcije i Ponude:<\/strong><\/h3><h4><strong>1. Nova Vozila \u2013 Akcijske Cijene i Posebni Paketi!<\/strong><\/h4><p>Iskoristite priliku da postanete vlasnik potpuno novog modela po sni\u017eenim cijenama!<\/p>\t\t\t\t\t\t\t\t<\/div>\n\t\t\t\t<\/div>\n\t\t\t\t\t<\/div>\n\t\t\t\t<\/div>\n\t\t<div class=\"elementor-element elementor-element-92a2c36 e-flex e-con-boxed e-con e-parent\" data-id=\"92a2c36\" data-element_type=\"container\" data-e-type=\"container\">\n\t\t\t\t\t<div class=\"e-con-inner\">\n\t\t<div class=\"elementor-element elementor-element-b6c2172 e-con-full e-flex e-con e-child\" data-id=\"b6c2172\" data-element_type=\"container\" data-e-type=\"container\">\n\t\t\t\t<div class=\"elementor-element elementor-element-ba244a4 elementor-widget elementor-widget-image\" data-id=\"ba244a4\" data-element_type=\"widget\" data-e-type=\"widget\" data-widget_type=\"image.default\">\n\t\t\t\t<div class=\"elementor-widget-container\">\n\t\t\t\t\t\t\t\t\t\t\t\t\t\t\t<img fetchpriority=\"high\" decoding=\"async\" width=\"1080\" height=\"1350\" src=\"https:\/\/marketauto.ba\/wp-content\/uploads\/2026\/02\/Alfa-Romeo-Junior-V2-CISCENJE-LAGERA-Instagram-Post.png\" class=\"attachment-full size-full wp-image-593\" alt=\"\" srcset=\"https:\/\/marketauto.ba\/wp-content\/uploads\/2026\/02\/Alfa-Romeo-Junior-V2-CISCENJE-LAGERA-Instagram-Post.png 1080w, https:\/\/marketauto.ba\/wp-content\/uploads\/2026\/02\/Alfa-Romeo-Junior-V2-CISCENJE-LAGERA-Instagram-Post-240x300.png 240w, https:\/\/marketauto.ba\/wp-content\/uploads\/2026\/02\/Alfa-Romeo-Junior-V2-CISCENJE-LAGERA-Instagram-Post-819x1024.png 819w, https:\/\/marketauto.ba\/wp-content\/uploads\/2026\/02\/Alfa-Romeo-Junior-V2-CISCENJE-LAGERA-Instagram-Post-768x960.png 768w\" sizes=\"(max-width: 1080px) 100vw, 1080px\" \/>\t\t\t\t\t\t\t\t\t\t\t\t\t\t\t<\/div>\n\t\t\t\t<\/div>\n\t\t\t\t<\/div>\n\t\t<div class=\"elementor-element elementor-element-7e8d266 e-con-full e-flex e-con e-child\" data-id=\"7e8d266\" data-element_type=\"container\" data-e-type=\"container\">\n\t\t\t\t<div class=\"elementor-element elementor-element-e75e7a5 elementor-widget elementor-widget-image\" data-id=\"e75e7a5\" data-element_type=\"widget\" data-e-type=\"widget\" data-widget_type=\"image.default\">\n\t\t\t\t<div class=\"elementor-widget-container\">\n\t\t\t\t\t\t\t\t\t\t\t\t\t\t\t<img decoding=\"async\" width=\"819\" height=\"1024\" src=\"https:\/\/marketauto.ba\/wp-content\/uploads\/2026\/02\/Jeep-Avenger-V2-CISCENJE-LAGERA-Instagram-Post-819x1024.png\" class=\"attachment-large size-large wp-image-592\" alt=\"\" srcset=\"https:\/\/marketauto.ba\/wp-content\/uploads\/2026\/02\/Jeep-Avenger-V2-CISCENJE-LAGERA-Instagram-Post-819x1024.png 819w, https:\/\/marketauto.ba\/wp-content\/uploads\/2026\/02\/Jeep-Avenger-V2-CISCENJE-LAGERA-Instagram-Post-240x300.png 240w, https:\/\/marketauto.ba\/wp-content\/uploads\/2026\/02\/Jeep-Avenger-V2-CISCENJE-LAGERA-Instagram-Post-768x960.png 768w, https:\/\/marketauto.ba\/wp-content\/uploads\/2026\/02\/Jeep-Avenger-V2-CISCENJE-LAGERA-Instagram-Post.png 1080w\" sizes=\"(max-width: 819px) 100vw, 819px\" \/>\t\t\t\t\t\t\t\t\t\t\t\t\t\t\t<\/div>\n\t\t\t\t<\/div>\n\t\t\t\t<\/div>\n\t\t\t\t\t<\/div>\n\t\t\t\t<\/div>\n\t\t<div class=\"elementor-element elementor-element-54dcfcf e-flex e-con-boxed e-con e-parent\" data-id=\"54dcfcf\" data-element_type=\"container\" data-e-type=\"container\">\n\t\t\t\t\t<div class=\"e-con-inner\">\n\t\t<div class=\"elementor-element elementor-element-e47c0f5 e-con-full e-flex e-con e-child\" data-id=\"e47c0f5\" data-element_type=\"container\" data-e-type=\"container\">\n\t\t\t\t<div class=\"elementor-element elementor-element-9ccd1ad elementor-widget elementor-widget-image\" data-id=\"9ccd1ad\" data-element_type=\"widget\" data-e-type=\"widget\" data-widget_type=\"image.default\">\n\t\t\t\t<div class=\"elementor-widget-container\">\n\t\t\t\t\t\t\t\t\t\t\t\t\t\t\t<img decoding=\"async\" width=\"1080\" height=\"1350\" src=\"https:\/\/marketauto.ba\/wp-content\/uploads\/2026\/02\/Fiat-Grande-Panda-V2-CISCENJE-LAGERA-Instagram-Post.png\" class=\"attachment-full size-full wp-image-595\" alt=\"\" srcset=\"https:\/\/marketauto.ba\/wp-content\/uploads\/2026\/02\/Fiat-Grande-Panda-V2-CISCENJE-LAGERA-Instagram-Post.png 1080w, https:\/\/marketauto.ba\/wp-content\/uploads\/2026\/02\/Fiat-Grande-Panda-V2-CISCENJE-LAGERA-Instagram-Post-240x300.png 240w, https:\/\/marketauto.ba\/wp-content\/uploads\/2026\/02\/Fiat-Grande-Panda-V2-CISCENJE-LAGERA-Instagram-Post-819x1024.png 819w, https:\/\/marketauto.ba\/wp-content\/uploads\/2026\/02\/Fiat-Grande-Panda-V2-CISCENJE-LAGERA-Instagram-Post-768x960.png 768w\" sizes=\"(max-width: 1080px) 100vw, 1080px\" \/>\t\t\t\t\t\t\t\t\t\t\t\t\t\t\t<\/div>\n\t\t\t\t<\/div>\n\t\t\t\t<\/div>\n\t\t<div class=\"elementor-element elementor-element-172294e e-con-full e-flex e-con e-child\" data-id=\"172294e\" data-element_type=\"container\" data-e-type=\"container\">\n\t\t\t\t<div class=\"elementor-element elementor-element-2be47db elementor-widget elementor-widget-image\" data-id=\"2be47db\" data-element_type=\"widget\" data-e-type=\"widget\" data-widget_type=\"image.default\">\n\t\t\t\t<div class=\"elementor-widget-container\">\n\t\t\t\t\t\t\t\t\t\t\t\t\t\t\t<img loading=\"lazy\" decoding=\"async\" width=\"1080\" height=\"1350\" src=\"https:\/\/marketauto.ba\/wp-content\/uploads\/2026\/02\/Fiat-600-V2-CISCENJE-LAGERA-Instagram-Post.png\" class=\"attachment-full size-full wp-image-594\" alt=\"\" srcset=\"https:\/\/marketauto.ba\/wp-content\/uploads\/2026\/02\/Fiat-600-V2-CISCENJE-LAGERA-Instagram-Post.png 1080w, https:\/\/marketauto.ba\/wp-content\/uploads\/2026\/02\/Fiat-600-V2-CISCENJE-LAGERA-Instagram-Post-240x300.png 240w, https:\/\/marketauto.ba\/wp-content\/uploads\/2026\/02\/Fiat-600-V2-CISCENJE-LAGERA-Instagram-Post-819x1024.png 819w, https:\/\/marketauto.ba\/wp-content\/uploads\/2026\/02\/Fiat-600-V2-CISCENJE-LAGERA-Instagram-Post-768x960.png 768w\" sizes=\"(max-width: 1080px) 100vw, 1080px\" \/>\t\t\t\t\t\t\t\t\t\t\t\t\t\t\t<\/div>\n\t\t\t\t<\/div>\n\t\t\t\t<\/div>\n\t\t\t\t\t<\/div>\n\t\t\t\t<\/div>\n\t\t\t\t<\/div>\n\t\t","protected":false},"excerpt":{"rendered":"<p>Ne Propustite! Specijalne Ponude Vozila u Marketautu! Tra\u017eite savr\u0161eno vozilo po izuzetnoj cijeni? Na pravom ste mjestu! U Marketautu redovno pripremamo ekskluzivne specijalne ponude koje vam omogu\u0107avaju da vozite svoj automobil iz snova uz zna\u010dajne u\u0161tede. Bilo da ste u potrazi za najnovijim modelom, pouzdanim polovnim vozilom ili \u017eelite iskoristiti povoljne opcije finansiranja, na\u0161e specijalne [&hellip;]<\/p>\n","protected":false},"author":1,"featured_media":438,"parent":0,"menu_order":0,"comment_status":"closed","ping_status":"closed","template":"","meta":{"footnotes":""},"class_list":["post-590","page","type-page","status-publish","has-post-thumbnail","hentry"],"_links":{"self":[{"href":"https:\/\/marketauto.ba\/index.php?rest_route=\/wp\/v2\/pages\/590","targetHints":{"allow":["GET"]}}],"collection":[{"href":"https:\/\/marketauto.ba\/index.php?rest_route=\/wp\/v2\/pages"}],"about":[{"href":"https:\/\/marketauto.ba\/index.php?rest_route=\/wp\/v2\/types\/page"}],"author":[{"embeddable":true,"href":"https:\/\/marketauto.ba\/index.php?rest_route=\/wp\/v2\/users\/1"}],"replies":[{"embeddable":true,"href":"https:\/\/marketauto.ba\/index.php?rest_route=%2Fwp%2Fv2%2Fcomments&post=590"}],"version-history":[{"count":13,"href":"https:\/\/marketauto.ba\/index.php?rest_route=\/wp\/v2\/pages\/590\/revisions"}],"predecessor-version":[{"id":615,"href":"https:\/\/marketauto.ba\/index.php?rest_route=\/wp\/v2\/pages\/590\/revisions\/615"}],"wp:featuredmedia":[{"embeddable":true,"href":"https:\/\/marketauto.ba\/index.php?rest_route=\/wp\/v2\/media\/438"}],"wp:attachment":[{"href":"https:\/\/marketauto.ba\/index.php?rest_route=%2Fwp%2Fv2%2Fmedia&parent=590"}],"curies":[{"name":"wp","href":"https:\/\/api.w.org\/{rel}","templated":true}]}}